{"id":10405,"date":"2022-05-13T17:08:51","date_gmt":"2022-05-13T16:08:51","guid":{"rendered":"https:\/\/dev.paradislatin.com\/?page_id=10405"},"modified":"2024-10-28T12:09:24","modified_gmt":"2024-10-28T11:09:24","slug":"mentions-legales","status":"publish","type":"page","link":"https:\/\/www.paradislatin.com\/fr\/mentions-legales\/","title":{"rendered":"Mentions l\u00e9gales"},"content":{"rendered":"\t\t<div data-elementor-type=\"wp-page\" data-elementor-id=\"10405\" class=\"elementor elementor-10405\" data-elementor-post-type=\"page\">\n\t\t\t\t\t\t<section class=\"ob-is-breaking-bad elementor-section elementor-top-section elementor-element elementor-element-30db9981 elementor-section-boxed elementor-section-height-default elementor-section-height-default\" data-id=\"30db9981\" data-element_type=\"section\" data-e-type=\"section\" data-settings=\"{&quot;_ob_bbad_use_it&quot;:&quot;yes&quot;,&quot;_ob_bbad_sssic_use&quot;:&quot;no&quot;,&quot;_ob_glider_is_slider&quot;:&quot;no&quot;}\">\n\t\t\t\t\t\t<div class=\"elementor-container elementor-column-gap-default\">\n\t\t\t\t\t<div class=\"elementor-column elementor-col-100 elementor-top-column elementor-element elementor-element-38e82b63\" data-id=\"38e82b63\" data-element_type=\"column\" data-e-type=\"column\" data-settings=\"{&quot;_ob_bbad_is_stalker&quot;:&quot;no&quot;,&quot;_ob_teleporter_use&quot;:false,&quot;_ob_column_hoveranimator&quot;:&quot;no&quot;,&quot;_ob_column_has_pseudo&quot;:&quot;no&quot;}\">\n\t\t\t<div class=\"elementor-widget-wrap elementor-element-populated\">\n\t\t\t\t\t\t<div class=\"elementor-element elementor-element-38b2bebc ob-has-background-overlay elementor-widget elementor-widget-shortcode\" data-id=\"38b2bebc\" data-element_type=\"widget\" data-e-type=\"widget\" data-settings=\"{&quot;_ob_perspektive_use&quot;:&quot;no&quot;,&quot;_ob_poopart_use&quot;:&quot;yes&quot;,&quot;_ob_shadough_use&quot;:&quot;no&quot;,&quot;_ob_allow_hoveranimator&quot;:&quot;no&quot;,&quot;_ob_widget_stalker_use&quot;:&quot;no&quot;}\" data-widget_type=\"shortcode.default\">\n\t\t\t\t<div class=\"elementor-widget-container\">\n\t\t\t\t\t\t\t<div class=\"elementor-shortcode\">\t\t\t<!-- Flexy Breadcrumb -->\r\n\t\t\t<div class=\"fbc fbc-page\">\r\n\r\n\t\t\t\t<!-- Breadcrumb wrapper -->\r\n\t\t\t\t<div class=\"fbc-wrap\">\r\n\r\n\t\t\t\t\t<!-- Ordered list-->\r\n\t\t\t\t\t<ol class=\"fbc-items\" itemscope itemtype=\"https:\/\/schema.org\/BreadcrumbList\">\r\n\t\t\t\t\t\t            <li itemprop=\"itemListElement\" itemscope itemtype=\"https:\/\/schema.org\/ListItem\">\r\n                <span itemprop=\"name\">\r\n                    <!-- Home Link -->\r\n                    <a itemprop=\"item\" href=\"https:\/\/www.paradislatin.com\/fr\/\">\r\n                    \r\n                                                    <i class=\"fa fa-home\" aria-hidden=\"true\"><\/i>Accueil                    <\/a>\r\n                <\/span>\r\n                <meta itemprop=\"position\" content=\"1\" \/><!-- Meta Position-->\r\n             <\/li><li><span class=\"fbc-separator\">\/<\/span><\/li><li class=\"active\" itemprop=\"itemListElement\" itemscope itemtype=\"https:\/\/schema.org\/ListItem\"><span itemprop=\"name\" title=\"Mentions l\u00e9gales\">Mentions l\u00e9gales<\/span><meta itemprop=\"position\" content=\"2\" \/><\/li>\t\t\t\t\t<\/ol>\r\n\t\t\t\t\t<div class=\"clearfix\"><\/div>\r\n\t\t\t\t<\/div>\r\n\t\t\t<\/div>\r\n\t\t\t<\/div>\n\t\t\t\t\t\t<\/div>\n\t\t\t\t<\/div>\n\t\t\t\t\t<\/div>\n\t\t<\/div>\n\t\t\t\t\t<\/div>\n\t\t<\/section>\n\t\t\t\t<section class=\"ob-is-breaking-bad elementor-section elementor-top-section elementor-element elementor-element-2bc8c2aa elementor-section-height-min-height elementor-section-content-middle elementor-section-boxed elementor-section-height-default elementor-section-items-middle\" data-id=\"2bc8c2aa\" data-element_type=\"section\" data-e-type=\"section\" data-settings=\"{&quot;background_background&quot;:&quot;classic&quot;,&quot;_ob_bbad_use_it&quot;:&quot;yes&quot;,&quot;_ob_bbad_sssic_use&quot;:&quot;no&quot;,&quot;_ob_glider_is_slider&quot;:&quot;no&quot;}\">\n\t\t\t\t\t\t\t<div class=\"elementor-background-overlay\"><\/div>\n\t\t\t\t\t\t\t<div class=\"elementor-container elementor-column-gap-default\">\n\t\t\t\t\t<div class=\"elementor-column elementor-col-100 elementor-top-column elementor-element elementor-element-ff41c41\" data-id=\"ff41c41\" data-element_type=\"column\" data-e-type=\"column\" data-settings=\"{&quot;_ob_bbad_is_stalker&quot;:&quot;no&quot;,&quot;_ob_teleporter_use&quot;:false,&quot;_ob_column_hoveranimator&quot;:&quot;no&quot;,&quot;_ob_column_has_pseudo&quot;:&quot;no&quot;}\">\n\t\t\t<div class=\"elementor-widget-wrap elementor-element-populated\">\n\t\t\t\t\t\t<div class=\"elementor-element elementor-element-1f644635 ob-harakiri-inherit ob-has-background-overlay elementor-widget elementor-widget-heading\" data-id=\"1f644635\" data-element_type=\"widget\" data-e-type=\"widget\" data-settings=\"{&quot;_ob_use_harakiri&quot;:&quot;yes&quot;,&quot;_ob_harakiri_writing_mode&quot;:&quot;inherit&quot;,&quot;_ob_harakiri_text_clip&quot;:&quot;none&quot;,&quot;_ob_perspektive_use&quot;:&quot;no&quot;,&quot;_ob_poopart_use&quot;:&quot;yes&quot;,&quot;_ob_shadough_use&quot;:&quot;no&quot;,&quot;_ob_allow_hoveranimator&quot;:&quot;no&quot;,&quot;_ob_widget_stalker_use&quot;:&quot;no&quot;}\" data-widget_type=\"heading.default\">\n\t\t\t\t<div class=\"elementor-widget-container\">\n\t\t\t\t\t<h1 class=\"elementor-heading-title elementor-size-default\">Mentions l\u00e9gales<\/h1>\t\t\t\t<\/div>\n\t\t\t\t<\/div>\n\t\t\t\t<div class=\"elementor-element elementor-element-34e28725 elementor-widget-divider--view-line ob-has-background-overlay elementor-widget elementor-widget-divider\" data-id=\"34e28725\" data-element_type=\"widget\" data-e-type=\"widget\" data-settings=\"{&quot;_ob_perspektive_use&quot;:&quot;no&quot;,&quot;_ob_poopart_use&quot;:&quot;yes&quot;,&quot;_ob_shadough_use&quot;:&quot;no&quot;,&quot;_ob_allow_hoveranimator&quot;:&quot;no&quot;,&quot;_ob_widget_stalker_use&quot;:&quot;no&quot;}\" data-widget_type=\"divider.default\">\n\t\t\t\t<div class=\"elementor-widget-container\">\n\t\t\t\t\t\t\t<div class=\"elementor-divider\">\n\t\t\t<span class=\"elementor-divider-separator\">\n\t\t\t\t\t\t<\/span>\n\t\t<\/div>\n\t\t\t\t\t\t<\/div>\n\t\t\t\t<\/div>\n\t\t\t\t<div class=\"elementor-element elementor-element-df1742d ob-harakiri-inherit ob-has-background-overlay elementor-widget elementor-widget-text-editor\" data-id=\"df1742d\" data-element_type=\"widget\" data-e-type=\"widget\" data-settings=\"{&quot;_ob_use_harakiri&quot;:&quot;yes&quot;,&quot;_ob_harakiri_writing_mode&quot;:&quot;inherit&quot;,&quot;_ob_postman_use&quot;:&quot;no&quot;,&quot;_ob_perspektive_use&quot;:&quot;no&quot;,&quot;_ob_poopart_use&quot;:&quot;yes&quot;,&quot;_ob_shadough_use&quot;:&quot;no&quot;,&quot;_ob_allow_hoveranimator&quot;:&quot;no&quot;,&quot;_ob_widget_stalker_use&quot;:&quot;no&quot;}\" data-widget_type=\"text-editor.default\">\n\t\t\t\t<div class=\"elementor-widget-container\">\n\t\t\t\t\t\t\t\t\t<p style=\"text-align: left;\">Editeur du Site :<\/p><p style=\"text-align: left;\">Raison sociale\u00a0: Le Paradis Latin, soci\u00e9t\u00e9 anonyme au capital de 50\u00a0120 euros<\/p><p style=\"text-align: left;\">RCS Paris 310\u00a0838\u00a0180<\/p><p style=\"text-align: left;\"><span style=\"color: #333333;\">TVA Intracommunautaire : FR08310838180<\/span><\/p><p style=\"text-align: left;\">Si\u00e8ge sociale\u00a0: 28 rue du Cardinal Lemoine &#8211; Paris (75005)<\/p><p style=\"text-align: left;\">T\u00e9l\u00e9phone\u00a0: +331 43 25 28 28<\/p><p style=\"text-align: left;\">T\u00e9l\u00e9copie\u00a0: +331 43 29 63 63<\/p><p style=\"text-align: left;\">Email: <a href=\"mailto:paradislatin@paradislatin.com\">paradislatin@paradislatin.com<\/a><\/p><p style=\"text-align: left;\">Site Internet : www.paradislatin.com<\/p><p>\u00a0<\/p><p style=\"text-align: left;\">Directeur de la Publication :<\/p><p style=\"text-align: left;\">Walter BUTLER<\/p><p style=\"text-align: left;\">paradislatin@paradislatin.com<\/p><p>\u00a0<\/p><p style=\"text-align: left;\">H\u00e9bergeur du Site :<\/p><p style=\"text-align: left;\">ALWAYSDATA<\/p><p style=\"text-align: left;\">91, rue du Faubourg Saint-Honor\u00e9 \u2013 75008 PARIS<\/p><p style=\"text-align: left;\">Tel : 01 84 16 23 40<\/p><p style=\"text-align: left;\">Site Internet\u00a0: www.alwaysdata.com\/fr\/<\/p><p>\u00a0<\/p><p style=\"text-align: left;\">D\u00e9veloppement\u00a0:<\/p><p style=\"text-align: left;\">Raison sociale\u00a0: Alioze France<\/p><p style=\"text-align: left;\">Si\u00e8ge social : 15, rue Claude Terrasse \u2013 75016 PARIS<\/p><p style=\"text-align: left;\">Site Internet\u00a0:\u00a0https:\/\/www.alioze.com<\/p><p>\u00a0<\/p><p style=\"text-align: left;\"><strong>Conditions d\u2019utilisation<\/strong><\/p><p style=\"text-align: left;\">Le Site <a href=\"http:\/\/www.paradislatin.com\">www.paradislatin.com<\/a>\u00a0est propos\u00e9 en diff\u00e9rents langages web (HTML, HTML5, JavaScript, CSS, etc\u2026) pour un meilleur confort d\u2019utilisation et un graphisme plus agr\u00e9able. A cet \u00e9gard, nous vous recommandons de recourir \u00e0 des navigateurs modernes comme Internet explorer, Safari, Firefox, Google Chrome, etc. La soci\u00e9t\u00e9 Le Paradis Latin met en \u0153uvre tous les moyens dont elle dispose, pour assurer une information fiable et une mise \u00e0 jour fiable de ses Sites Internet. Toutefois, des erreurs ou omissions peuvent survenir. L\u2019internaute devra donc s\u2019assurer de l\u2019exactitude des informations aupr\u00e8s de Le Paradis Latin, et signaler toutes modifications du Site qu\u2019il jugerait utile. Il n\u2019est en aucun cas responsable de l\u2019utilisation faite de ces informations, et de tout pr\u00e9judice direct ou indirect pouvant en d\u00e9couler.<\/p><p style=\"text-align: left;\"><strong>\u00a0<\/strong><\/p><p style=\"text-align: left;\"><strong>Gestion des cookies<\/strong><\/p><p style=\"text-align: left;\">Le Site\u00a0<a href=\"http:\/\/www.paradislatin.com\">www.paradislatin.com<\/a>\u00a0peut \u00eatre amen\u00e9 \u00e0 vous demander l\u2019acceptation des cookies pour des besoins de statistiques et d\u2019affichage. Un cookie est une information d\u00e9pos\u00e9e sur votre disque dur par le serveur du site que vous visitez. Il contient plusieurs donn\u00e9es qui sont stock\u00e9es sur votre ordinateur dans un simple fichier texte auquel un serveur acc\u00e8de pour lire et enregistrer des informations. Certaines parties de ce Site ne peuvent \u00eatre fonctionnelles sans l\u2019acceptation de cookies.<\/p><p>\u00a0<\/p><p style=\"text-align: left;\"><strong>Droits d\u2019auteur \u2013 Liens vers des sites externes<\/strong><\/p><p style=\"text-align: left;\">Le contenu du Site internet paradislatin@paradislatin.com (images fixes, images anim\u00e9es, bases de donn\u00e9es, marques, illustrations, logos, dessins, mod\u00e8les, mise en page, documents t\u00e9l\u00e9chargeables) est la propri\u00e9t\u00e9 de Le Paradis Latin et est prot\u00e9g\u00e9 par les lois fran\u00e7aises et internationales relatives \u00e0 la propri\u00e9t\u00e9 intellectuelle.<\/p><p style=\"text-align: left;\">Toute reproduction totale ou partielle de ce contenu est strictement interdite et est susceptible de constituer un d\u00e9lit de contrefa\u00e7on, sauf autorisation pr\u00e9alable et \u00e9crite de Le Paradis Latin.<\/p><p style=\"text-align: left;\">Le Paradis Latin ne saurait \u00eatre tenue pour responsable du contenu des \u00e9ventuels liens figurant dans le Site et renvoyant vers des Sites externes.<\/p><p>\u00a0<\/p><p style=\"text-align: left;\"><strong>Cr\u00e9ation par des tiers de liens vers le Site<\/strong><\/p><p style=\"text-align: left;\">Le Site autorise la mise en place d&rsquo;un lien hypertexte pointant vers son contenu, sous r\u00e9serve :\u00a0<\/p><ul style=\"text-align: left;\"><li>d\u2019informer pr\u00e9alablement Le Paradis Latin de mani\u00e8re expresse par un courriel \u00e0 l\u2019adresse suivante paradislatin@paradislatin.com;<\/li><li>de mentionner la source qui pointera gr\u00e2ce au lien hypertexte directement sur le contenu vis\u00e9.\u00a0<\/li><\/ul><p style=\"text-align: left;\"><strong>\u00a0<\/strong><\/p><p style=\"text-align: left;\">Cependant, cette autorisation ne s&rsquo;applique pas aux Sites Internet diffusant des informations \u00e0 caract\u00e8re pol\u00e9mique, pornographique, x\u00e9nophobe ou pouvant, dans une plus large mesure portant atteinte \u00e0 l\u2019ordre public et aux bonnes m\u0153urs.\u00a0<\/p><p style=\"text-align: left;\">Il est pr\u00e9cis\u00e9 que cette autorisation n\u2019emporte autorisation de reproduction de tout ou partie du contenu du Site, notamment d\u2019un titre ou d\u2019un chapeau pour le nommage du lien hypertexte.<\/p><p style=\"text-align: left;\">En tout \u00e9tat de cause, Le Paradis Latin se r\u00e9serve le droit de demander la suppression imm\u00e9diate du lien cr\u00e9\u00e9 vers son site sans avoir \u00e0 indiquer de raison particuli\u00e8re.<\/p><p>\u00a0<\/p><p style=\"text-align: left;\"><strong>Services fournis<\/strong><\/p><p style=\"text-align: left;\">L\u2019ensemble des activit\u00e9s et\/ou informations sont pr\u00e9sent\u00e9es sur notre Site Internet.<\/p><p style=\"text-align: left;\">La soci\u00e9t\u00e9 Le Paradis Latin s\u2019efforce de fournir sur le Site\u00a0<a href=\"http:\/\/www.paradislatin.com\">www.paradislatin.com<\/a>\u00a0des informations aussi pr\u00e9cises que possible.<\/p><p style=\"text-align: left;\">Toutes les informations indiqu\u00e9es sur le Site\u00a0<a href=\"http:\/\/www.paradislatin.com\">www.paradislatin.com<\/a>\u00a0sont donn\u00e9es \u00e0 titre indicatif, et sont susceptibles de changer ou d\u2019\u00e9voluer sans pr\u00e9avis.<\/p><p>\u00a0<\/p><p style=\"text-align: left;\"><strong>Limitation contractuelle sur les donn\u00e9es<\/strong><\/p><p style=\"text-align: left;\">Les informations contenues sur ce Site sont aussi pr\u00e9cises que possible et le Site remis \u00e0 jour \u00e0 diff\u00e9rentes p\u00e9riodes de l\u2019ann\u00e9e, mais peut toutefois contenir des inexactitudes ou des omissions. Si vous constatiez une lacune, erreur ou ce qui parait \u00eatre un dysfonctionnement, nous vous remercions de bien vouloir le signaler par email \u00e0 l\u2019adresse\u00a0<a href=\"mailto:paradislatin@paradislatin.com\">paradislatin@paradislatin.com<\/a>\u00a0en d\u00e9crivant le probl\u00e8me de la mani\u00e8re la plus pr\u00e9cise possible (page posant probl\u00e8me, type d\u2019ordinateur et de navigateur utilis\u00e9, etc.). Tout contenu t\u00e9l\u00e9charg\u00e9 se fait aux risques et p\u00e9rils de l\u2019utilisateur et sous sa seule responsabilit\u00e9. En cons\u00e9quence, la soci\u00e9t\u00e9 Le Paradis Latin ne saurait \u00eatre tenue responsable d\u2019un quelconque dommage subi par l\u2019ordinateur de l\u2019utilisateur ou d\u2019une quelconque perte de donn\u00e9es cons\u00e9cutives au t\u00e9l\u00e9chargement. De plus, l\u2019utilisateur du Site s\u2019engage \u00e0 acc\u00e9der au site en utilisant un mat\u00e9riel r\u00e9cent, ne contenant pas de virus et avec un navigateur de derni\u00e8re g\u00e9n\u00e9ration mis-\u00e0-jour. Les liens hypertextes mis en place dans le cadre du pr\u00e9sent Site Internet en direction d\u2019autres ressources pr\u00e9sentes sur le r\u00e9seau Internet ne sauraient engager la responsabilit\u00e9 de la soci\u00e9t\u00e9 Le Paradis Latin.<\/p><p style=\"text-align: left;\"><strong>\u00a0<\/strong><\/p><p style=\"text-align: left;\"><strong>Protection des donn\u00e9es personnelles<\/strong><\/p><p style=\"text-align: left;\">De mani\u00e8re g\u00e9n\u00e9rale, vous n\u2019\u00eates pas tenu de nous communiquer vos donn\u00e9es personnelles lorsque vous visitez notre Site Internet\u00a0<a href=\"http:\/\/www.paradislatin.com\">www.paradislatin.com<\/a>.<\/p><p style=\"text-align: left;\">Cependant, ce principe comporte certaines exceptions. En effet, pour certains services propos\u00e9s par notre Site, vous pouvez \u00eatre amen\u00e9s \u00e0 nous communiquer certaines donn\u00e9es telles que : votre pr\u00e9nom, votre nom, votre adresse \u00e9lectronique, votre num\u00e9ro de t\u00e9l\u00e9phone, votre date de naissance, votre adresse, votre ville et votre code postal. Tel est par exemple le cas lorsque vous remplissez le formulaire qui vous est propos\u00e9 en ligne, dans la rubrique \u00ab contact \u00bb.<\/p><p style=\"text-align: left;\">Dans tous les cas, vous pouvez refuser de fournir vos donn\u00e9es personnelles. Dans ce cas, vous ne pourrez pas utiliser les services du Site, notamment celui de solliciter des renseignements sur notre soci\u00e9t\u00e9, ou de recevoir les lettres d\u2019information.<\/p><p style=\"text-align: left;\">Enfin, nous pouvons collecter de mani\u00e8re automatique certaines informations vous concernant lors d\u2019une simple navigation sur notre Site Internet, notamment : des informations concernant l\u2019utilisation de notre site, comme les zones que vous visitez et les services auxquels vous acc\u00e9dez, votre adresse IP, le type de votre navigateur, vos temps.<\/p><p style=\"text-align: left;\">Les \u00e9ventuelles informations \u00e0 caract\u00e8re personnel recueillies ci-dessus par Le Paradis Latin telle qu\u2019identifi\u00e9e ci-avant, font l\u2019objet d\u2019un traitement informatique dans les conditions d\u00e9finies par les dispositions l\u00e9gales applicables en la mati\u00e8re.<\/p><p style=\"text-align: left;\">Elles sont n\u00e9cessaires \u00e0 Le Paradis Latin pour traiter votre demande et sont utilis\u00e9es exclusivement \u00e0 des fins commerciales et de gestion administrative, de mani\u00e8re \u00e0 am\u00e9liorer la qualit\u00e9 des services qui vous sont propos\u00e9s.<\/p><p style=\"text-align: left;\">Conform\u00e9ment \u00e0 la loi 78-17 du 6 janvier 1978 modifi\u00e9e relative \u00e0 l&rsquo;informatique, aux fichiers et aux libert\u00e9s, plus connue sous le nom de loi informatique et libert\u00e9s ainsi que le R\u00e8glement G\u00e9n\u00e9ral sur la Protection des Donn\u00e9es n\u00b0 2016\/679 du 27 avril 2016, les personnes dont les donn\u00e9es \u00e0 caract\u00e8re personnel ont \u00e9t\u00e9 recueillies disposent d&rsquo;un droit d&rsquo;acc\u00e8s, de rectification, de modification et de suppression sur l&rsquo;ensemble des donn\u00e9es les concernant.\u00a0<\/p><p style=\"text-align: left;\">Pour exercer ces droits, elles pourront adresser leur demande par courriel \u00e0 l\u2019adresse suivante <a href=\"mailto:lesroseauxpourpres@gmail.com\">paradislatin@paradislatin.com<\/a> ou \u00e0 l\u2019adresse postale 28 rue du Cardinal Lemoine \u00e0 Paris (75005).\u00a0\u00a0<\/p><p style=\"text-align: left;\">Les bases de donn\u00e9es sont prot\u00e9g\u00e9es par les dispositions de la loi du 1er juillet 1998 transposant la directive 96\/9 du 11 mars 1996 relative \u00e0 la protection juridique des bases de donn\u00e9es.<\/p><p>\u00a0<\/p><p style=\"text-align: left;\"><strong>Litiges<\/strong><\/p><p style=\"text-align: left;\">Les pr\u00e9sentes conditions du Site\u00a0<a href=\"http:\/\/www.paradislatin.com\">www.paradislatin.com<\/a>\u00a0sont r\u00e9gies par les lois fran\u00e7aises et toute contestation ou litiges qui pourraient na\u00eetre de l\u2019interpr\u00e9tation ou de l\u2019ex\u00e9cution de celles-ci seront de la comp\u00e9tence exclusive des tribunaux. La langue de r\u00e9f\u00e9rence, pour le r\u00e8glement de contentieux \u00e9ventuels, est le fran\u00e7ais.<\/p>\t\t\t\t\t\t\t\t<\/div>\n\t\t\t\t<\/div>\n\t\t\t\t\t<\/div>\n\t\t<\/div>\n\t\t\t\t\t<\/div>\n\t\t<\/section>\n\t\t\t\t<section class=\"ob-is-breaking-bad elementor-section elementor-top-section elementor-element elementor-element-2ec7375a elementor-section-boxed elementor-section-height-default elementor-section-height-default\" data-id=\"2ec7375a\" data-element_type=\"section\" data-e-type=\"section\" data-settings=\"{&quot;_ob_bbad_use_it&quot;:&quot;yes&quot;,&quot;_ob_bbad_sssic_use&quot;:&quot;no&quot;,&quot;_ob_glider_is_slider&quot;:&quot;no&quot;}\">\n\t\t\t\t\t\t<div class=\"elementor-container elementor-column-gap-default\">\n\t\t\t\t\t<div class=\"elementor-column elementor-col-100 elementor-top-column elementor-element elementor-element-1b5dfcd4\" data-id=\"1b5dfcd4\" data-element_type=\"column\" data-e-type=\"column\" data-settings=\"{&quot;_ob_bbad_is_stalker&quot;:&quot;no&quot;,&quot;_ob_teleporter_use&quot;:false,&quot;_ob_column_hoveranimator&quot;:&quot;no&quot;,&quot;_ob_column_has_pseudo&quot;:&quot;no&quot;}\">\n\t\t\t<div class=\"elementor-widget-wrap elementor-element-populated\">\n\t\t\t\t\t\t<div class=\"elementor-element elementor-element-1a489169 ob-has-background-overlay elementor-widget elementor-widget-spacer\" data-id=\"1a489169\" data-element_type=\"widget\" data-e-type=\"widget\" data-settings=\"{&quot;_ob_spacerat_use&quot;:&quot;no&quot;,&quot;_ob_perspektive_use&quot;:&quot;no&quot;,&quot;_ob_poopart_use&quot;:&quot;yes&quot;,&quot;_ob_shadough_use&quot;:&quot;no&quot;,&quot;_ob_allow_hoveranimator&quot;:&quot;no&quot;,&quot;_ob_widget_stalker_use&quot;:&quot;no&quot;}\" data-widget_type=\"spacer.default\">\n\t\t\t\t<div class=\"elementor-widget-container\">\n\t\t\t\t\t\t\t<div class=\"elementor-spacer\">\n\t\t\t<div class=\"elementor-spacer-inner\"><\/div>\n\t\t<\/div>\n\t\t\t\t\t\t<\/div>\n\t\t\t\t<\/div>\n\t\t\t\t\t<\/div>\n\t\t<\/div>\n\t\t\t\t\t<\/div>\n\t\t<\/section>\n\t\t\t\t<\/div>\n\t\t","protected":false},"excerpt":{"rendered":"<p>Mentions l\u00e9gales Editeur du Site : Raison sociale\u00a0: Le Paradis Latin, soci\u00e9t\u00e9 anonyme au capital de 50\u00a0120 euros RCS Paris 310\u00a0838\u00a0180 TVA Intracommunautaire : FR08310838180 Si\u00e8ge sociale\u00a0: 28 rue du Cardinal Lemoine &#8211; Paris (75005) T\u00e9l\u00e9phone\u00a0: +331 43 25 28 28 T\u00e9l\u00e9copie\u00a0: +331 43 29 63 63 Email: paradislatin@paradislatin.com Site Internet : www.paradislatin.com \u00a0 Directeur [&hellip;]<\/p>\n","protected":false},"author":2,"featured_media":0,"parent":0,"menu_order":0,"comment_status":"closed","ping_status":"closed","template":"","meta":{"_acf_changed":false,"footnotes":""},"class_list":["post-10405","page","type-page","status-publish","hentry"],"acf":[],"_links":{"self":[{"href":"https:\/\/www.paradislatin.com\/fr\/wp-json\/wp\/v2\/pages\/10405","targetHints":{"allow":["GET"]}}],"collection":[{"href":"https:\/\/www.paradislatin.com\/fr\/wp-json\/wp\/v2\/pages"}],"about":[{"href":"https:\/\/www.paradislatin.com\/fr\/wp-json\/wp\/v2\/types\/page"}],"author":[{"embeddable":true,"href":"https:\/\/www.paradislatin.com\/fr\/wp-json\/wp\/v2\/users\/2"}],"replies":[{"embeddable":true,"href":"https:\/\/www.paradislatin.com\/fr\/wp-json\/wp\/v2\/comments?post=10405"}],"version-history":[{"count":26,"href":"https:\/\/www.paradislatin.com\/fr\/wp-json\/wp\/v2\/pages\/10405\/revisions"}],"predecessor-version":[{"id":22902,"href":"https:\/\/www.paradislatin.com\/fr\/wp-json\/wp\/v2\/pages\/10405\/revisions\/22902"}],"wp:attachment":[{"href":"https:\/\/www.paradislatin.com\/fr\/wp-json\/wp\/v2\/media?parent=10405"}],"curies":[{"name":"wp","href":"https:\/\/api.w.org\/{rel}","templated":true}]}}