{"id":2732,"date":"2021-09-02T15:30:50","date_gmt":"2021-09-02T14:30:50","guid":{"rendered":"https:\/\/dev.paradislatin.com\/?page_id=2732"},"modified":"2024-01-29T15:17:33","modified_gmt":"2024-01-29T14:17:33","slug":"politique-cookies","status":"publish","type":"page","link":"https:\/\/www.paradislatin.com\/fr\/politique-cookies\/","title":{"rendered":"Politique de cookies"},"content":{"rendered":"\t\t<div data-elementor-type=\"wp-page\" data-elementor-id=\"2732\" class=\"elementor elementor-2732\" data-elementor-post-type=\"page\">\n\t\t\t\t\t\t<section class=\"ob-is-breaking-bad elementor-section elementor-top-section elementor-element elementor-element-491661ed elementor-section-boxed elementor-section-height-default elementor-section-height-default\" data-id=\"491661ed\" data-element_type=\"section\" data-e-type=\"section\" data-settings=\"{&quot;_ob_bbad_use_it&quot;:&quot;yes&quot;,&quot;_ob_bbad_sssic_use&quot;:&quot;no&quot;,&quot;_ob_glider_is_slider&quot;:&quot;no&quot;}\">\n\t\t\t\t\t\t<div class=\"elementor-container elementor-column-gap-default\">\n\t\t\t\t\t<div class=\"elementor-column elementor-col-100 elementor-top-column elementor-element elementor-element-51ec4cab\" data-id=\"51ec4cab\" data-element_type=\"column\" data-e-type=\"column\" data-settings=\"{&quot;_ob_bbad_is_stalker&quot;:&quot;no&quot;,&quot;_ob_teleporter_use&quot;:false,&quot;_ob_column_hoveranimator&quot;:&quot;no&quot;,&quot;_ob_column_has_pseudo&quot;:&quot;no&quot;}\">\n\t\t\t<div class=\"elementor-widget-wrap elementor-element-populated\">\n\t\t\t\t\t\t<div class=\"elementor-element elementor-element-599597a7 ob-has-background-overlay elementor-widget elementor-widget-shortcode\" data-id=\"599597a7\" data-element_type=\"widget\" data-e-type=\"widget\" data-settings=\"{&quot;_ob_perspektive_use&quot;:&quot;no&quot;,&quot;_ob_poopart_use&quot;:&quot;yes&quot;,&quot;_ob_shadough_use&quot;:&quot;no&quot;,&quot;_ob_allow_hoveranimator&quot;:&quot;no&quot;,&quot;_ob_widget_stalker_use&quot;:&quot;no&quot;}\" data-widget_type=\"shortcode.default\">\n\t\t\t\t<div class=\"elementor-widget-container\">\n\t\t\t\t\t\t\t<div class=\"elementor-shortcode\">\t\t\t<!-- Flexy Breadcrumb -->\r\n\t\t\t<div class=\"fbc fbc-page\">\r\n\r\n\t\t\t\t<!-- Breadcrumb wrapper -->\r\n\t\t\t\t<div class=\"fbc-wrap\">\r\n\r\n\t\t\t\t\t<!-- Ordered list-->\r\n\t\t\t\t\t<ol class=\"fbc-items\" itemscope itemtype=\"https:\/\/schema.org\/BreadcrumbList\">\r\n\t\t\t\t\t\t            <li itemprop=\"itemListElement\" itemscope itemtype=\"https:\/\/schema.org\/ListItem\">\r\n                <span itemprop=\"name\">\r\n                    <!-- Home Link -->\r\n                    <a itemprop=\"item\" href=\"https:\/\/www.paradislatin.com\/fr\/\">\r\n                    \r\n                                                    <i class=\"fa fa-home\" aria-hidden=\"true\"><\/i>Accueil                    <\/a>\r\n                <\/span>\r\n                <meta itemprop=\"position\" content=\"1\" \/><!-- Meta Position-->\r\n             <\/li><li><span class=\"fbc-separator\">\/<\/span><\/li><li class=\"active\" itemprop=\"itemListElement\" itemscope itemtype=\"https:\/\/schema.org\/ListItem\"><span itemprop=\"name\" title=\"Politique de cookies\">Politique de cookies<\/span><meta itemprop=\"position\" content=\"2\" \/><\/li>\t\t\t\t\t<\/ol>\r\n\t\t\t\t\t<div class=\"clearfix\"><\/div>\r\n\t\t\t\t<\/div>\r\n\t\t\t<\/div>\r\n\t\t\t<\/div>\n\t\t\t\t\t\t<\/div>\n\t\t\t\t<\/div>\n\t\t\t\t\t<\/div>\n\t\t<\/div>\n\t\t\t\t\t<\/div>\n\t\t<\/section>\n\t\t\t\t<section class=\"ob-is-breaking-bad elementor-section elementor-top-section elementor-element elementor-element-6cfd998a elementor-section-height-min-height elementor-section-content-middle elementor-section-boxed elementor-section-height-default elementor-section-items-middle\" data-id=\"6cfd998a\" data-element_type=\"section\" data-e-type=\"section\" data-settings=\"{&quot;background_background&quot;:&quot;classic&quot;,&quot;_ob_bbad_use_it&quot;:&quot;yes&quot;,&quot;_ob_bbad_sssic_use&quot;:&quot;no&quot;,&quot;_ob_glider_is_slider&quot;:&quot;no&quot;}\">\n\t\t\t\t\t\t\t<div class=\"elementor-background-overlay\"><\/div>\n\t\t\t\t\t\t\t<div class=\"elementor-container elementor-column-gap-default\">\n\t\t\t\t\t<div class=\"elementor-column elementor-col-100 elementor-top-column elementor-element elementor-element-56b45fdb\" data-id=\"56b45fdb\" data-element_type=\"column\" data-e-type=\"column\" data-settings=\"{&quot;_ob_bbad_is_stalker&quot;:&quot;no&quot;,&quot;_ob_teleporter_use&quot;:false,&quot;_ob_column_hoveranimator&quot;:&quot;no&quot;,&quot;_ob_column_has_pseudo&quot;:&quot;no&quot;}\">\n\t\t\t<div class=\"elementor-widget-wrap elementor-element-populated\">\n\t\t\t\t\t\t<div class=\"elementor-element elementor-element-1961ed30 ob-harakiri-inherit ob-has-background-overlay elementor-widget elementor-widget-heading\" data-id=\"1961ed30\" data-element_type=\"widget\" data-e-type=\"widget\" data-settings=\"{&quot;_ob_use_harakiri&quot;:&quot;yes&quot;,&quot;_ob_harakiri_writing_mode&quot;:&quot;inherit&quot;,&quot;_ob_harakiri_text_clip&quot;:&quot;none&quot;,&quot;_ob_perspektive_use&quot;:&quot;no&quot;,&quot;_ob_poopart_use&quot;:&quot;yes&quot;,&quot;_ob_shadough_use&quot;:&quot;no&quot;,&quot;_ob_allow_hoveranimator&quot;:&quot;no&quot;,&quot;_ob_widget_stalker_use&quot;:&quot;no&quot;}\" data-widget_type=\"heading.default\">\n\t\t\t\t<div class=\"elementor-widget-container\">\n\t\t\t\t\t<h1 class=\"elementor-heading-title elementor-size-default\">POLITIQUE DE CONFIDENTIALITE\u0301<\/h1>\t\t\t\t<\/div>\n\t\t\t\t<\/div>\n\t\t\t\t<div class=\"elementor-element elementor-element-40d4659f elementor-widget-divider--view-line ob-has-background-overlay elementor-widget elementor-widget-divider\" data-id=\"40d4659f\" data-element_type=\"widget\" data-e-type=\"widget\" data-settings=\"{&quot;_ob_perspektive_use&quot;:&quot;no&quot;,&quot;_ob_poopart_use&quot;:&quot;yes&quot;,&quot;_ob_shadough_use&quot;:&quot;no&quot;,&quot;_ob_allow_hoveranimator&quot;:&quot;no&quot;,&quot;_ob_widget_stalker_use&quot;:&quot;no&quot;}\" data-widget_type=\"divider.default\">\n\t\t\t\t<div class=\"elementor-widget-container\">\n\t\t\t\t\t\t\t<div class=\"elementor-divider\">\n\t\t\t<span class=\"elementor-divider-separator\">\n\t\t\t\t\t\t<\/span>\n\t\t<\/div>\n\t\t\t\t\t\t<\/div>\n\t\t\t\t<\/div>\n\t\t\t\t\t<\/div>\n\t\t<\/div>\n\t\t\t\t\t<\/div>\n\t\t<\/section>\n\t\t\t\t<section class=\"ob-is-breaking-bad elementor-section elementor-top-section elementor-element elementor-element-306913de elementor-section-boxed elementor-section-height-default elementor-section-height-default\" data-id=\"306913de\" data-element_type=\"section\" data-e-type=\"section\" data-settings=\"{&quot;_ob_bbad_use_it&quot;:&quot;yes&quot;,&quot;_ob_bbad_sssic_use&quot;:&quot;no&quot;,&quot;_ob_glider_is_slider&quot;:&quot;no&quot;}\">\n\t\t\t\t\t\t<div class=\"elementor-container elementor-column-gap-default\">\n\t\t\t\t\t<div class=\"elementor-column elementor-col-100 elementor-top-column elementor-element elementor-element-2cd6eb5e\" data-id=\"2cd6eb5e\" data-element_type=\"column\" data-e-type=\"column\" data-settings=\"{&quot;_ob_bbad_is_stalker&quot;:&quot;no&quot;,&quot;_ob_teleporter_use&quot;:false,&quot;_ob_column_hoveranimator&quot;:&quot;no&quot;,&quot;_ob_column_has_pseudo&quot;:&quot;no&quot;}\">\n\t\t\t<div class=\"elementor-widget-wrap elementor-element-populated\">\n\t\t\t\t\t\t<div class=\"elementor-element elementor-element-d5ee33a ob-harakiri-inherit ob-has-background-overlay elementor-widget elementor-widget-text-editor\" data-id=\"d5ee33a\" data-element_type=\"widget\" data-e-type=\"widget\" data-settings=\"{&quot;_ob_use_harakiri&quot;:&quot;yes&quot;,&quot;_ob_harakiri_writing_mode&quot;:&quot;inherit&quot;,&quot;_ob_postman_use&quot;:&quot;no&quot;,&quot;_ob_perspektive_use&quot;:&quot;no&quot;,&quot;_ob_poopart_use&quot;:&quot;yes&quot;,&quot;_ob_shadough_use&quot;:&quot;no&quot;,&quot;_ob_allow_hoveranimator&quot;:&quot;no&quot;,&quot;_ob_widget_stalker_use&quot;:&quot;no&quot;}\" data-widget_type=\"text-editor.default\">\n\t\t\t\t<div class=\"elementor-widget-container\">\n\t\t\t\t\t\t\t\t\t<div class=\"cli_pg_page_contaner\"><p>L\u2019acc\u00e8s et l\u2019utilisation du Site Internet www.paradislatin.com impliquent le recueil de donn\u00e9es personnelles concernant l\u2019Acheteur de spectacles. Au cas particulier, lors de la r\u00e9servation, les Acheteurs transmettent des informations les concernant.<\/p><p>\u00a0<\/p><p>Le Site Internet, en tant que Responsable de traitement, est sensible a\u0300 la protection de vos donn\u00e9es a\u0300 caract\u00e8re personnel. A\u0300 ce titre, la pr\u00e9sente politique de confidentialit\u00e9 a pour objet d\u2019informer les Acheteurs de la mani\u00e8re dont leurs donn\u00e9es sont trait\u00e9es et de leur assurer du respect de la r\u00e9glementation \u00e9tablie notamment par le R\u00e8glement europ\u00e9en UE2016\/679 du 27 avril 2016 ainsi que de la loi 78-17 Informatique et Libert\u00e9s modifi\u00e9e du 6 janvier 1978.<\/p><p>\u00a0<\/p><p>Cette politique de confidentialit\u00e9 est applicable a\u0300 l&rsquo;ensemble du Site Internet. Cette politique \u00e9tant vou\u00e9e a\u0300 \u00eatre mise a\u0300 jour selon les dispositions l\u00e9gales et les services propos\u00e9s par le Prestataire, les Acheteurs de spectacles sont invit\u00e9s a\u0300 la consulter le plus fr\u00e9quemment possible.<\/p><p>\u00a0<\/p><ol><li><strong> Quelles donn\u00e9es personnelles sont collect\u00e9es ? <\/strong><\/li><\/ol><p>\u00a0<\/p><p>Plusieurs types de donn\u00e9es a\u0300 caract\u00e8re personnel peuvent \u00eatre collect\u00e9s sur le Site et autres solutions digitales, notamment :<\/p><p>\u00a0<\/p><ul><li>votre nom et vos coordonn\u00e9es, y compris vos adresses \u00e9lectronique et postale,<\/li><li>vos num\u00e9ros de t\u00e9l\u00e9phone et de t\u00e9l\u00e9copie,<\/li><li>vos coordonn\u00e9es de cartes bancaires.<\/li><\/ul><ol start=\"2\"><li><strong> Pourquoi certaines de mes donn\u00e9es sont-elles collect\u00e9es ? <\/strong><\/li><\/ol><p>\u00a0<\/p><p>Vos donn\u00e9es personnelles nous permettent de traiter vos demandes de contact et de renseignements ainsi que vos commandes et les paiements en ligne.<\/p><p>\u00a0<\/p><p>Ces informations et donn\u00e9es sont \u00e9galement conserv\u00e9es \u00e0 des fins de s\u00e9curit\u00e9, afin de respecter les obligations l\u00e9gales et r\u00e9glementaires, ainsi que pour permettre au Prestataire d\u2019am\u00e9liorer et de personnaliser les services propos\u00e9s et les informations adress\u00e9es.\u00a0<\/p><p>\u00a0<\/p><ol start=\"3\"><li><strong> Combien de temps mes donn\u00e9es sont-elles conserv\u00e9es ? <\/strong><\/li><\/ol><p>\u00a0<\/p><p>Les donn\u00e9es collect\u00e9es seront traite\u0301es et conserve\u0301es pendant la dure\u0301e ne\u0301cessaire au regard des finalite\u0301s pour lesquelles elles sont traite\u0301es, dans le respect des normes, re\u0300glements et textes en vigueur.<\/p><p>\u00a0<\/p><p>Ne\u0301anmoins et conforme\u0301ment a\u0300 l&rsquo;article 5 du RGPD, certaines donne\u0301es a\u0300 caracte\u0300re personnel pourront e\u0302tre \u00ab\u00a0conserve\u0301es pour des dure\u0301es plus longues dans la mesure ou\u0300 elles seront traite\u0301es exclusivement a\u0300 des fins archivistiques dans l&rsquo;inte\u0301re\u0302t public, a\u0300 des fins de recherche scientifique ou historique ou a\u0300 des fins statistiques\u00a0\u00bb.<\/p><p>\u00a0<\/p><ol start=\"4\"><li><strong> Qu&rsquo;en est-il de l&rsquo;utilisation des cookies ? <\/strong><\/li><\/ol><p>\u00a0<\/p><p>Un cookie est une suite d&rsquo;information envoye\u0301e par un serveur a\u0300 un visiteur. Sous forme de fichier informatique, il est de\u0301pose\u0301 sur le disque dur via le navigateur du visiteur afin d&rsquo;y collecter des informations.<\/p><p>\u00a0<\/p><p>Il existe plusieurs types de cookies :<\/p><ul><li>Les cookies techniques et strictement ne\u0301cessaires : Ces cookies permettent d&rsquo;enregistrer les informations saisies par le visiteur, de suivre la navigation d&rsquo;un visiteur afin d&rsquo;assurer une qualite\u0301 de navigation sur les pages visite\u0301es, de mettre en \u0153uvre certaines mesures de se\u0301curite\u0301 et d&rsquo;acce\u0301der a\u0300 votre espace personnel. Le site ne peut pas fonctionner correctement sans ces cookies.<\/li><li>Les cookies de mesure d&rsquo;audience et de statistique : Ces cookies permettent d\u2019obtenir des donne\u0301es concernant l\u2019utilisation de nos pages web et d&rsquo;en ame\u0301liorer certains aspects techniques et ergonomiques.<\/li><li>Les cookies publicitaires : Ces cookies permettent de diffuser de la publicite\u0301 personnalise\u0301e dans les espaces re\u0301serve\u0301s sur notre Site et nos applications, de comptabiliser les affichages des publicite\u0301s ainsi que de reconnai\u0302tre votre navigateur lors de prochaines visites sur notre site et nos applications. Ces cookies peuvent e\u0302tre installe\u0301s par nous ou nos partenaires publicitaires. Ils permettront d&rsquo;e\u0301tablir un profil unique de visiteur.<\/li><li>Les cookies des re\u0301seaux sociaux : Les cookies des re\u0301seaux sociaux vous permettent de partager les contenus de notre site avec d\u2019autres personnes ou de faire connai\u0302tre votre opinion sur un contenu du site a\u0300 des tiers. Ces cookies tiers sont destine\u0301s a\u0300 ame\u0301liorer l\u2019interactivite\u0301 du site et son contenu multime\u0301dia.<\/li><\/ul><p>\u00a0<\/p><p>Dure\u0301e de conservation des cookies :<\/p><p>\u00a0<\/p><p>Les dure\u0301es de conservation des cookies n\u2019exce\u0301deront pas 13 mois apre\u0300s leur premier de\u0301po\u0302t dans le terminal des visiteurs. Un nouveau consentement sera demande\u0301 a\u0300 l&rsquo;issue de ce de\u0301lai.<\/p><p>\u00a0<\/p><p>Certains cookies techniques et fonctionnels sont essentiels et ne ne\u0301cessitent pas le consentement de l&rsquo;utilisateur. Les autres cookies ne\u0301cessitent le consentement de l&rsquo;utilisateur qui peut le retirer a\u0300 tout moment.<\/p><p>\u00a0<\/p><p>Vous pouvez supprimer les cookies, et ce a\u0300 tout moment, en parame\u0301trant les pre\u0301fe\u0301rences de votre navigateur a\u0300 partir des options de celui-ci. Vous pouvez e\u0301galement vous opposer a\u0300 l&rsquo;ensemble ou a\u0300 certains cookies en parame\u0301trant vos pre\u0301fe\u0301rences de navigation dans le bandeau de recueil de consentement des cookies.<\/p><p><strong>\u00a0<\/strong><\/p><strong><br \/><\/strong><p><strong>\u00a0<\/strong><\/p><ol start=\"5\"><li><strong> Sur quels fondements juridiques reposent les traitements de mes donne\u0301es ? <\/strong><\/li><\/ol><p>\u00a0<\/p><p>Les traitements de vos donne\u0301es collecte\u0301es ont pour base le\u0301gale l\u2019inte\u0301re\u0302t le\u0301gitime lie\u0301 a\u0300 nos activite\u0301s, conform\u00e9ment aux dispositions du RGPD.<\/p><p><strong>\u00a0<\/strong><\/p><ol start=\"6\"><li><strong> Quels sont les destinataires de mes donne\u0301es ? <\/strong><\/li><\/ol><p>\u00a0<\/p><p>Les donne\u0301es personnelles vous concernant ne seront destine\u0301es qu&rsquo;aux services et personnes habilite\u0301s a\u0300 les traiter, conforme\u0301ment aux finalite\u0301s de\u0301termine\u0301es.<\/p><p>\u00a0<\/p><p>Ces donne\u0301es peuvent e\u0301galement e\u0302tre communique\u0301es aux partenaires commerciaux charg\u00e9s de l\u2019ex\u00e9cution des services et commandes pour leur gestion, ex\u00e9cution, livraison, traitement et paiement.<\/p><p>\u00a0<\/p><ol start=\"7\"><li><strong> Mes donne\u0301es sortiront-elles de l\u2019Union europe\u0301enne ? <\/strong><\/li><\/ol><p>\u00a0<\/p><p>Certaines donne\u0301es peuvent e\u0302tre transfe\u0301re\u0301es aupre\u0300s de partenaires commerciaux e\u0301tablis en dehors de l&rsquo;Union europe\u0301enne a\u0300 la condition qu\u2019ils pre\u0301sentent les garanties suffisantes au regard des exigences du RGPD, notamment si les pays pre\u0301sentent un niveau ade\u0301quat de protection, conforme\u0301ment aux articles 44 et suivants du Re\u0300glement europe\u0301en UE2016\/679 du 27 avril 2016.<\/p><p><strong>\u00a0<\/strong><\/p><ol start=\"8\"><li><strong> Mes donne\u0301es sont-elles se\u0301curise\u0301es lors de leurs traitements ? <\/strong><\/li><\/ol><p>\u00a0<\/p><p>Toutes les personnes ayant acce\u0300s a\u0300 vos donne\u0301es sont habilite\u0301es et tenues par une obligation de confidentialite\u0301.<br \/><br \/><\/p><p>A\u0300 ce titre et conforme\u0301ment a\u0300 l\u2019article 32 du RGPD, le Site Internet ainsi que l\u2019ensemble des partenaires commerciaux s\u2019engagent a\u0300 mettre en \u0153uvre toutes les mesures techniques et organisationnelles ne\u0301cessaires en vue de garantir la se\u0301curite\u0301 ainsi que la confidentialite\u0301 des donne\u0301es traite\u0301es.<\/p><p><strong>\u00a0<\/strong><\/p><ol start=\"9\"><li><strong> Je posse\u0300de diffe\u0301rents droits, comment puis-je les exercer ? <\/strong><\/li><\/ol><p>\u00a0<\/p><p>Conforme\u0301ment a\u0300 la loi Informatique et Liberte\u0301s du 6 janvier 1978 modifie\u0301e, et au Re\u0300glement Ge\u0301ne\u0301ral sur la Protection des Donne\u0301es 2016\/679 du 27 avril 2016, vous disposez des droits d\u2019acce\u0300s, de rectification, d\u2019effacement et de portabilite\u0301, des donne\u0301es personnelles vous concernant. Vous pouvez e\u0301galement obtenir la limitation du traitement de vos donne\u0301es ou vous opposer a\u0300 leurs traitements pour un motif le\u0301gitime.<\/p><p>\u00a0<\/p><p>Vous pouvez exercer vos droits par mail a\u0300 l\u2019adresse suivante\u00a0: <a href=\"mailto:rgpd@paradislatin.com\">rgpd@paradislatin.com<\/a>.<\/p><p>\u00a0<\/p><p>Si vous estimez que vos droits ne sont pas respecte\u0301s, vous pouvez e\u0301galement introduire une re\u0301clamation aupre\u0300s de l\u2019autorite\u0301 de contro\u0302le compe\u0301tente a\u0300 l&rsquo;adresse <a href=\"https:\/\/www.cnil.fr\/plaintes\">https:\/\/www.cnil.fr\/plaintes<\/a> \u00a0<\/p><\/div>\t\t\t\t\t\t\t\t<\/div>\n\t\t\t\t<\/div>\n\t\t\t\t\t<\/div>\n\t\t<\/div>\n\t\t\t\t\t<\/div>\n\t\t<\/section>\n\t\t\t\t<\/div>\n\t\t","protected":false},"excerpt":{"rendered":"<p>POLITIQUE DE CONFIDENTIALITE\u0301 L\u2019acc\u00e8s et l\u2019utilisation du Site Internet www.paradislatin.com impliquent le recueil de donn\u00e9es personnelles concernant l\u2019Acheteur de spectacles. Au cas particulier, lors de la r\u00e9servation, les Acheteurs transmettent des informations les concernant. \u00a0 Le Site Internet, en tant que Responsable de traitement, est sensible a\u0300 la protection de vos donn\u00e9es a\u0300 caract\u00e8re personnel. [&hellip;]<\/p>\n","protected":false},"author":2,"featured_media":0,"parent":0,"menu_order":0,"comment_status":"closed","ping_status":"closed","template":"","meta":{"_acf_changed":false,"footnotes":""},"class_list":["post-2732","page","type-page","status-publish","hentry"],"acf":[],"_links":{"self":[{"href":"https:\/\/www.paradislatin.com\/fr\/wp-json\/wp\/v2\/pages\/2732","targetHints":{"allow":["GET"]}}],"collection":[{"href":"https:\/\/www.paradislatin.com\/fr\/wp-json\/wp\/v2\/pages"}],"about":[{"href":"https:\/\/www.paradislatin.com\/fr\/wp-json\/wp\/v2\/types\/page"}],"author":[{"embeddable":true,"href":"https:\/\/www.paradislatin.com\/fr\/wp-json\/wp\/v2\/users\/2"}],"replies":[{"embeddable":true,"href":"https:\/\/www.paradislatin.com\/fr\/wp-json\/wp\/v2\/comments?post=2732"}],"version-history":[{"count":41,"href":"https:\/\/www.paradislatin.com\/fr\/wp-json\/wp\/v2\/pages\/2732\/revisions"}],"predecessor-version":[{"id":21447,"href":"https:\/\/www.paradislatin.com\/fr\/wp-json\/wp\/v2\/pages\/2732\/revisions\/21447"}],"wp:attachment":[{"href":"https:\/\/www.paradislatin.com\/fr\/wp-json\/wp\/v2\/media?parent=2732"}],"curies":[{"name":"wp","href":"https:\/\/api.w.org\/{rel}","templated":true}]}}